{"id":377,"date":"2022-11-24T15:45:15","date_gmt":"2022-11-24T14:45:15","guid":{"rendered":"https:\/\/www.rei-t.be\/resserrages-coupe-feu\/"},"modified":"2023-03-20T19:32:45","modified_gmt":"2023-03-20T18:32:45","slug":"fireproff-tightening","status":"publish","type":"page","link":"https:\/\/www.rei-t.be\/en\/fireproff-tightening\/","title":{"rendered":"Fireproff tightening"},"content":{"rendered":"\t\t<div data-elementor-type=\"wp-page\" data-elementor-id=\"377\" class=\"elementor elementor-377 elementor-121\" data-elementor-post-type=\"page\">\n\t\t\t\t\t\t<section class=\"elementor-section elementor-top-section elementor-element elementor-element-fc4b7f5 elementor-section-height-min-height elementor-section-boxed elementor-section-height-default elementor-section-items-middle\" data-id=\"fc4b7f5\" data-element_type=\"section\" data-e-type=\"section\" data-settings=\"{&quot;background_background&quot;:&quot;classic&quot;}\">\n\t\t\t\t\t\t\t<div class=\"elementor-background-overlay\"><\/div>\n\t\t\t\t\t\t\t<div class=\"elementor-container elementor-column-gap-default\">\n\t\t\t\t\t<div class=\"elementor-column elementor-col-100 elementor-top-column elementor-element elementor-element-d3e4405\" data-id=\"d3e4405\" data-element_type=\"column\" data-e-type=\"column\">\n\t\t\t<div class=\"elementor-widget-wrap\">\n\t\t\t\t\t\t\t<\/div>\n\t\t<\/div>\n\t\t\t\t\t<\/div>\n\t\t<\/section>\n\t\t\t\t<section class=\"elementor-section elementor-top-section elementor-element elementor-element-9cd2d1e ux-services elementor-reverse-mobile elementor-section-boxed elementor-section-height-default elementor-section-height-default\" data-id=\"9cd2d1e\" data-element_type=\"section\" data-e-type=\"section\">\n\t\t\t\t\t\t<div class=\"elementor-container elementor-column-gap-default\">\n\t\t\t\t\t<div class=\"elementor-column elementor-col-50 elementor-top-column elementor-element elementor-element-e7131af\" data-id=\"e7131af\" data-element_type=\"column\" data-e-type=\"column\">\n\t\t\t<div class=\"elementor-widget-wrap elementor-element-populated\">\n\t\t\t\t\t\t<section class=\"elementor-section elementor-inner-section elementor-element elementor-element-9137478 elementor-section-boxed elementor-section-height-default elementor-section-height-default\" data-id=\"9137478\" data-element_type=\"section\" data-e-type=\"section\">\n\t\t\t\t\t\t<div class=\"elementor-container elementor-column-gap-default\">\n\t\t\t\t\t<div class=\"elementor-column elementor-col-100 elementor-inner-column elementor-element elementor-element-3d055bb\" data-id=\"3d055bb\" data-element_type=\"column\" data-e-type=\"column\" data-settings=\"{&quot;background_background&quot;:&quot;classic&quot;}\">\n\t\t\t<div class=\"elementor-widget-wrap elementor-element-populated\">\n\t\t\t\t\t\t<div class=\"elementor-element elementor-element-31b755b elementor-widget elementor-widget-heading\" data-id=\"31b755b\" data-element_type=\"widget\" data-e-type=\"widget\" data-widget_type=\"heading.default\">\n\t\t\t\t<div class=\"elementor-widget-container\">\n\t\t\t\t\t<h5 class=\"elementor-heading-title elementor-size-default\">Our services<\/h5>\t\t\t\t<\/div>\n\t\t\t\t<\/div>\n\t\t\t\t<div class=\"elementor-element elementor-element-71d42f8 elementor-nav-menu__align-start elementor-nav-menu--dropdown-none menu-services elementor-widget elementor-widget-nav-menu\" data-id=\"71d42f8\" data-element_type=\"widget\" data-e-type=\"widget\" data-settings=\"{&quot;layout&quot;:&quot;vertical&quot;,&quot;submenu_icon&quot;:{&quot;value&quot;:&quot;&lt;i class=\\&quot;fas fa-caret-down\\&quot; aria-hidden=\\&quot;true\\&quot;&gt;&lt;\\\/i&gt;&quot;,&quot;library&quot;:&quot;fa-solid&quot;}}\" data-widget_type=\"nav-menu.default\">\n\t\t\t\t<div class=\"elementor-widget-container\">\n\t\t\t\t\t\t\t\t<nav aria-label=\"Menu\" class=\"elementor-nav-menu--main elementor-nav-menu__container elementor-nav-menu--layout-vertical e--pointer-none\">\n\t\t\t\t<ul id=\"menu-1-71d42f8\" class=\"elementor-nav-menu sm-vertical\"><li class=\"menu-item menu-item-type-post_type menu-item-object-page menu-item-391\"><a href=\"https:\/\/www.rei-t.be\/en\/fireproff-tightening\/\" class=\"elementor-item\">Fireproff tightening<\/a><\/li>\n<li class=\"menu-item menu-item-type-post_type menu-item-object-page menu-item-388\"><a href=\"https:\/\/www.rei-t.be\/en\/fire-resistor-dressing\/\" class=\"elementor-item\">Fire resistor Dressing<\/a><\/li>\n<li class=\"menu-item menu-item-type-post_type menu-item-object-page menu-item-389\"><a href=\"https:\/\/www.rei-t.be\/en\/rf-cladding-of-metal-beams\/\" class=\"elementor-item\">RF cladding of metal beams<\/a><\/li>\n<li class=\"menu-item menu-item-type-post_type menu-item-object-page menu-item-390\"><a href=\"https:\/\/www.rei-t.be\/en\/ventilation-ducts-dressing-in-promat\/\" class=\"elementor-item\">Ventilation ducts dressing in \u201cPromat\u201d<\/a><\/li>\n<\/ul>\t\t\t<\/nav>\n\t\t\t\t\t\t<nav class=\"elementor-nav-menu--dropdown elementor-nav-menu__container\" aria-hidden=\"true\">\n\t\t\t\t<ul id=\"menu-2-71d42f8\" class=\"elementor-nav-menu sm-vertical\"><li class=\"menu-item menu-item-type-post_type menu-item-object-page menu-item-391\"><a href=\"https:\/\/www.rei-t.be\/en\/fireproff-tightening\/\" class=\"elementor-item\" tabindex=\"-1\">Fireproff tightening<\/a><\/li>\n<li class=\"menu-item menu-item-type-post_type menu-item-object-page menu-item-388\"><a href=\"https:\/\/www.rei-t.be\/en\/fire-resistor-dressing\/\" class=\"elementor-item\" tabindex=\"-1\">Fire resistor Dressing<\/a><\/li>\n<li class=\"menu-item menu-item-type-post_type menu-item-object-page menu-item-389\"><a href=\"https:\/\/www.rei-t.be\/en\/rf-cladding-of-metal-beams\/\" class=\"elementor-item\" tabindex=\"-1\">RF cladding of metal beams<\/a><\/li>\n<li class=\"menu-item menu-item-type-post_type menu-item-object-page menu-item-390\"><a href=\"https:\/\/www.rei-t.be\/en\/ventilation-ducts-dressing-in-promat\/\" class=\"elementor-item\" tabindex=\"-1\">Ventilation ducts dressing in \u201cPromat\u201d<\/a><\/li>\n<\/ul>\t\t\t<\/nav>\n\t\t\t\t\t\t<\/div>\n\t\t\t\t<\/div>\n\t\t\t\t\t<\/div>\n\t\t<\/div>\n\t\t\t\t\t<\/div>\n\t\t<\/section>\n\t\t\t\t<section class=\"elementor-section elementor-inner-section elementor-element elementor-element-c3a3783 elementor-section-boxed elementor-section-height-default elementor-section-height-default\" data-id=\"c3a3783\" data-element_type=\"section\" data-e-type=\"section\">\n\t\t\t\t\t\t<div class=\"elementor-container elementor-column-gap-default\">\n\t\t\t\t\t<div class=\"elementor-column elementor-col-100 elementor-inner-column elementor-element elementor-element-ce225fb\" data-id=\"ce225fb\" data-element_type=\"column\" data-e-type=\"column\" data-settings=\"{&quot;background_background&quot;:&quot;classic&quot;}\">\n\t\t\t<div class=\"elementor-widget-wrap elementor-element-populated\">\n\t\t\t\t\t\t<div class=\"elementor-element elementor-element-21a4e66 elementor-widget elementor-widget-heading\" data-id=\"21a4e66\" data-element_type=\"widget\" data-e-type=\"widget\" data-widget_type=\"heading.default\">\n\t\t\t\t<div class=\"elementor-widget-container\">\n\t\t\t\t\t<h5 class=\"elementor-heading-title elementor-size-default\">Any questions?<\/h5>\t\t\t\t<\/div>\n\t\t\t\t<\/div>\n\t\t\t\t<div class=\"elementor-element elementor-element-b876fa1 elementor-widget elementor-widget-text-editor\" data-id=\"b876fa1\" data-element_type=\"widget\" data-e-type=\"widget\" data-widget_type=\"text-editor.default\">\n\t\t\t\t<div class=\"elementor-widget-container\">\n\t\t\t\t\t\t\t\t\t<p>Do not hesitate to contact<\/p>\t\t\t\t\t\t\t\t<\/div>\n\t\t\t\t<\/div>\n\t\t\t\t<div class=\"elementor-element elementor-element-4e7c2a6 elementor-button-align-stretch elementor-widget elementor-widget-form\" data-id=\"4e7c2a6\" data-element_type=\"widget\" data-e-type=\"widget\" data-settings=\"{&quot;step_next_label&quot;:&quot;Next&quot;,&quot;step_previous_label&quot;:&quot;Previous&quot;,&quot;button_width&quot;:&quot;100&quot;,&quot;step_type&quot;:&quot;number_text&quot;,&quot;step_icon_shape&quot;:&quot;circle&quot;}\" data-widget_type=\"form.default\">\n\t\t\t\t<div class=\"elementor-widget-container\">\n\t\t\t\t\t\t\t<form class=\"elementor-form\" method=\"post\" name=\"New Form\" aria-label=\"New Form\">\n\t\t\t<input type=\"hidden\" name=\"post_id\" value=\"377\"\/>\n\t\t\t<input type=\"hidden\" name=\"form_id\" value=\"4e7c2a6\"\/>\n\t\t\t<input type=\"hidden\" name=\"referer_title\" value=\"REI-T\" \/>\n\n\t\t\t\n\t\t\t<div class=\"elementor-form-fields-wrapper elementor-labels-\">\n\t\t\t\t\t\t\t\t<div class=\"elementor-field-type-text elementor-field-group elementor-column elementor-field-group-name elementor-col-100 elementor-field-required\">\n\t\t\t\t\t\t\t\t\t\t\t\t<label for=\"form-field-name\" class=\"elementor-field-label elementor-screen-only\">\n\t\t\t\t\t\t\t\tName\t\t\t\t\t\t\t<\/label>\n\t\t\t\t\t\t\t\t\t\t\t\t\t\t<input size=\"1\" type=\"text\" name=\"form_fields[name]\" id=\"form-field-name\" class=\"elementor-field elementor-size-sm  elementor-field-textual\" placeholder=\"Full Name\" required=\"required\">\n\t\t\t\t\t\t\t\t\t\t\t<\/div>\n\t\t\t\t\t\t\t\t<div class=\"elementor-field-type-email elementor-field-group elementor-column elementor-field-group-email elementor-col-100 elementor-field-required\">\n\t\t\t\t\t\t\t\t\t\t\t\t<label for=\"form-field-email\" class=\"elementor-field-label elementor-screen-only\">\n\t\t\t\t\t\t\t\tEmail\t\t\t\t\t\t\t<\/label>\n\t\t\t\t\t\t\t\t\t\t\t\t\t\t<input size=\"1\" type=\"email\" name=\"form_fields[email]\" id=\"form-field-email\" class=\"elementor-field elementor-size-sm  elementor-field-textual\" placeholder=\"Email\" required=\"required\">\n\t\t\t\t\t\t\t\t\t\t\t<\/div>\n\t\t\t\t\t\t\t\t<div class=\"elementor-field-type-textarea elementor-field-group elementor-column elementor-field-group-message elementor-col-100 elementor-field-required\">\n\t\t\t\t\t\t\t\t\t\t\t\t<label for=\"form-field-message\" class=\"elementor-field-label elementor-screen-only\">\n\t\t\t\t\t\t\t\tMessage\t\t\t\t\t\t\t<\/label>\n\t\t\t\t\t\t<textarea class=\"elementor-field-textual elementor-field  elementor-size-sm\" name=\"form_fields[message]\" id=\"form-field-message\" rows=\"4\" placeholder=\"Message\" required=\"required\"><\/textarea>\t\t\t\t<\/div>\n\t\t\t\t\t\t\t\t<div class=\"elementor-field-group elementor-column elementor-field-type-submit elementor-col-100 e-form__buttons\">\n\t\t\t\t\t<button class=\"elementor-button elementor-size-sm\" type=\"submit\">\n\t\t\t\t\t\t<span class=\"elementor-button-content-wrapper\">\n\t\t\t\t\t\t\t\t\t\t\t\t\t\t\t\t\t\t\t\t\t\t<span class=\"elementor-button-text\">Send<\/span>\n\t\t\t\t\t\t\t\t\t\t\t\t\t<\/span>\n\t\t\t\t\t<\/button>\n\t\t\t\t<\/div>\n\t\t\t<\/div>\n\t\t<\/form>\n\t\t\t\t\t\t<\/div>\n\t\t\t\t<\/div>\n\t\t\t\t\t<\/div>\n\t\t<\/div>\n\t\t\t\t\t<\/div>\n\t\t<\/section>\n\t\t\t\t\t<\/div>\n\t\t<\/div>\n\t\t\t\t<div class=\"elementor-column elementor-col-50 elementor-top-column elementor-element elementor-element-c497ea0\" data-id=\"c497ea0\" data-element_type=\"column\" data-e-type=\"column\">\n\t\t\t<div class=\"elementor-widget-wrap elementor-element-populated\">\n\t\t\t\t\t\t<div class=\"elementor-element elementor-element-0f76cc3 elementor-widget elementor-widget-heading\" data-id=\"0f76cc3\" data-element_type=\"widget\" data-e-type=\"widget\" data-widget_type=\"heading.default\">\n\t\t\t\t<div class=\"elementor-widget-container\">\n\t\t\t\t\t<h1 class=\"elementor-heading-title elementor-size-default\">Fireproff tightening<\/h1>\t\t\t\t<\/div>\n\t\t\t\t<\/div>\n\t\t\t\t<div class=\"elementor-element elementor-element-df8f93a elementor-widget-divider--view-line elementor-widget elementor-widget-divider\" data-id=\"df8f93a\" data-element_type=\"widget\" data-e-type=\"widget\" data-widget_type=\"divider.default\">\n\t\t\t\t<div class=\"elementor-widget-container\">\n\t\t\t\t\t\t\t<div class=\"elementor-divider\">\n\t\t\t<span class=\"elementor-divider-separator\">\n\t\t\t\t\t\t<\/span>\n\t\t<\/div>\n\t\t\t\t\t\t<\/div>\n\t\t\t\t<\/div>\n\t\t\t\t<div class=\"elementor-element elementor-element-4af6e04 justify elementor-widget elementor-widget-text-editor\" data-id=\"4af6e04\" data-element_type=\"widget\" data-e-type=\"widget\" data-widget_type=\"text-editor.default\">\n\t\t\t\t<div class=\"elementor-widget-container\">\n\t\t\t\t\t\t\t\t\t<p>A fire-resistant slab or wall loses its effectiveness due to the penetration of cable ducts or pipes. In case of fire, these penetrations constitute a privileged passage for flames and smoke. It is therefore appropriate to seal them tightly to fire.<\/p><p>The Pyro-safe Universal Tightening System allows us to divide a building into separate zones, separated from each other, which in technical terms is called a \u201csubdivision\u201d; thus constituting the ideal solution to the types of problems mentioned above.<\/p><p>In the same way, this system allows us to face the problems caused by the protection of passages of large pipelines and ventilation ducts as well as internal transport systems (hatches, pass-documents, \u2026).<\/p>\t\t\t\t\t\t\t\t<\/div>\n\t\t\t\t<\/div>\n\t\t\t\t<div class=\"elementor-element elementor-element-8a7a182 elementor-widget elementor-widget-spacer\" data-id=\"8a7a182\" data-element_type=\"widget\" data-e-type=\"widget\" data-widget_type=\"spacer.default\">\n\t\t\t\t<div class=\"elementor-widget-container\">\n\t\t\t\t\t\t\t<div class=\"elementor-spacer\">\n\t\t\t<div class=\"elementor-spacer-inner\"><\/div>\n\t\t<\/div>\n\t\t\t\t\t\t<\/div>\n\t\t\t\t<\/div>\n\t\t\t\t<div class=\"elementor-element elementor-element-1c76d4d elementor-widget elementor-widget-heading\" data-id=\"1c76d4d\" data-element_type=\"widget\" data-e-type=\"widget\" data-widget_type=\"heading.default\">\n\t\t\t\t<div class=\"elementor-widget-container\">\n\t\t\t\t\t<h2 class=\"elementor-heading-title elementor-size-default\">Installation method\n\n<\/h2>\t\t\t\t<\/div>\n\t\t\t\t<\/div>\n\t\t\t\t<div class=\"elementor-element elementor-element-1962e53 elementor-widget-divider--view-line elementor-widget elementor-widget-divider\" data-id=\"1962e53\" data-element_type=\"widget\" data-e-type=\"widget\" data-widget_type=\"divider.default\">\n\t\t\t\t<div class=\"elementor-widget-container\">\n\t\t\t\t\t\t\t<div class=\"elementor-divider\">\n\t\t\t<span class=\"elementor-divider-separator\">\n\t\t\t\t\t\t<\/span>\n\t\t<\/div>\n\t\t\t\t\t\t<\/div>\n\t\t\t\t<\/div>\n\t\t\t\t<div class=\"elementor-element elementor-element-27e7218 elementor-widget elementor-widget-text-editor\" data-id=\"27e7218\" data-element_type=\"widget\" data-e-type=\"widget\" data-widget_type=\"text-editor.default\">\n\t\t\t\t<div class=\"elementor-widget-container\">\n\t\t\t\t\t\t\t\t\t<ol><li>Coat the thick side of the wall opening, cables, pipe passages, with the paint.<\/li><li>Cut the panel to fit the hole and mount it so that it remains stalled.<\/li><li>Close joints and opening with pieces of rockwool and dough\/paste.<\/li><li>Put a 1 mm thick top coat. on the panel, cables and pipes on both sides.<\/li><li>Length for cables and pipes max. 200 mm.<\/li><li>Provide an additional rock wool collar (previously treated) for larger pipes and<\/li><li>possibly protect PE pipes. with a cuff (see technical sheet).<\/li><\/ol>\t\t\t\t\t\t\t\t<\/div>\n\t\t\t\t<\/div>\n\t\t\t\t<div class=\"elementor-element elementor-element-d449e35 justify elementor-widget elementor-widget-text-editor\" data-id=\"d449e35\" data-element_type=\"widget\" data-e-type=\"widget\" data-widget_type=\"text-editor.default\">\n\t\t\t\t<div class=\"elementor-widget-container\">\n\t\t\t\t\t\t\t\t\t<p>We have our own design office which, upon simple request, will assist you free of charge in the development of your projects as well as in the preparation of a quote. Our teams of specialized technicians will ensure the development of the project, guaranteeing a specific and optimal set up .<\/p>\t\t\t\t\t\t\t\t<\/div>\n\t\t\t\t<\/div>\n\t\t\t\t\t<\/div>\n\t\t<\/div>\n\t\t\t\t\t<\/div>\n\t\t<\/section>\n\t\t\t\t<\/div>\n\t\t","protected":false},"excerpt":{"rendered":"<p>Our services Any questions? Do not hesitate to contact Fireproff tightening A fire-resistant slab or wall loses its effectiveness due to the penetration of cable ducts or pipes. In case of fire, these penetrations constitute a privileged passage for flames and smoke. It is therefore appropriate to seal them tightly to fire. The Pyro-safe Universal [&hellip;]<\/p>\n","protected":false},"author":1,"featured_media":0,"parent":0,"menu_order":0,"comment_status":"closed","ping_status":"closed","template":"","meta":{"footnotes":""},"class_list":["post-377","page","type-page","status-publish","hentry"],"yoast_head":"<!-- This site is optimized with the Yoast SEO plugin v27.3 - https:\/\/yoast.com\/product\/yoast-seo-wordpress\/ -->\n<title>Fireproff tightening - REI-T<\/title>\n<meta name=\"description\" content=\"The Pyro-safe closure system can be used to divide a building into separate areas and protect the passage of large pipes and ventilation ducts.\" \/>\n<meta name=\"robots\" content=\"index, follow, max-snippet:-1, max-image-preview:large, max-video-preview:-1\" \/>\n<link rel=\"canonical\" href=\"https:\/\/www.rei-t.be\/en\/fireproff-tightening\/\" \/>\n<meta property=\"og:locale\" content=\"en_US\" \/>\n<meta property=\"og:type\" content=\"article\" \/>\n<meta property=\"og:title\" content=\"Fireproff tightening - REI-T\" \/>\n<meta property=\"og:description\" content=\"The Pyro-safe closure system can be used to divide a building into separate areas and protect the passage of large pipes and ventilation ducts.\" \/>\n<meta property=\"og:url\" content=\"https:\/\/www.rei-t.be\/en\/fireproff-tightening\/\" \/>\n<meta property=\"og:site_name\" content=\"REI-T\" \/>\n<meta property=\"article:modified_time\" content=\"2023-03-20T18:32:45+00:00\" \/>\n<meta name=\"twitter:card\" content=\"summary_large_image\" \/>\n<meta name=\"twitter:label1\" content=\"Est. reading time\" \/>\n\t<meta name=\"twitter:data1\" content=\"2 minutes\" \/>\n<script type=\"application\/ld+json\" class=\"yoast-schema-graph\">{\"@context\":\"https:\\\/\\\/schema.org\",\"@graph\":[{\"@type\":\"WebPage\",\"@id\":\"https:\\\/\\\/www.rei-t.be\\\/en\\\/fireproff-tightening\\\/\",\"url\":\"https:\\\/\\\/www.rei-t.be\\\/en\\\/fireproff-tightening\\\/\",\"name\":\"Fireproff tightening - REI-T\",\"isPartOf\":{\"@id\":\"https:\\\/\\\/www.rei-t.be\\\/en\\\/#website\"},\"datePublished\":\"2022-11-24T14:45:15+00:00\",\"dateModified\":\"2023-03-20T18:32:45+00:00\",\"description\":\"The Pyro-safe closure system can be used to divide a building into separate areas and protect the passage of large pipes and ventilation ducts.\",\"breadcrumb\":{\"@id\":\"https:\\\/\\\/www.rei-t.be\\\/en\\\/fireproff-tightening\\\/#breadcrumb\"},\"inLanguage\":\"en-US\",\"potentialAction\":[{\"@type\":\"ReadAction\",\"target\":[\"https:\\\/\\\/www.rei-t.be\\\/en\\\/fireproff-tightening\\\/\"]}]},{\"@type\":\"BreadcrumbList\",\"@id\":\"https:\\\/\\\/www.rei-t.be\\\/en\\\/fireproff-tightening\\\/#breadcrumb\",\"itemListElement\":[{\"@type\":\"ListItem\",\"position\":1,\"name\":\"Accueil\",\"item\":\"https:\\\/\\\/www.rei-t.be\\\/en\\\/\"},{\"@type\":\"ListItem\",\"position\":2,\"name\":\"Fireproff tightening\"}]},{\"@type\":\"WebSite\",\"@id\":\"https:\\\/\\\/www.rei-t.be\\\/en\\\/#website\",\"url\":\"https:\\\/\\\/www.rei-t.be\\\/en\\\/\",\"name\":\"REI-T\",\"description\":\"R\u00e9sistance, Etanch\u00e9it\u00e9, Isolation, Technologies\",\"publisher\":{\"@id\":\"https:\\\/\\\/www.rei-t.be\\\/en\\\/#organization\"},\"potentialAction\":[{\"@type\":\"SearchAction\",\"target\":{\"@type\":\"EntryPoint\",\"urlTemplate\":\"https:\\\/\\\/www.rei-t.be\\\/en\\\/?s={search_term_string}\"},\"query-input\":{\"@type\":\"PropertyValueSpecification\",\"valueRequired\":true,\"valueName\":\"search_term_string\"}}],\"inLanguage\":\"en-US\"},{\"@type\":\"Organization\",\"@id\":\"https:\\\/\\\/www.rei-t.be\\\/en\\\/#organization\",\"name\":\"REI-T\",\"url\":\"https:\\\/\\\/www.rei-t.be\\\/en\\\/\",\"logo\":{\"@type\":\"ImageObject\",\"inLanguage\":\"en-US\",\"@id\":\"https:\\\/\\\/www.rei-t.be\\\/en\\\/#\\\/schema\\\/logo\\\/image\\\/\",\"url\":\"https:\\\/\\\/www.rei-t.be\\\/wp-content\\\/uploads\\\/2022\\\/09\\\/REIT-LogoRED-Q.svg\",\"contentUrl\":\"https:\\\/\\\/www.rei-t.be\\\/wp-content\\\/uploads\\\/2022\\\/09\\\/REIT-LogoRED-Q.svg\",\"width\":378,\"height\":144,\"caption\":\"REI-T\"},\"image\":{\"@id\":\"https:\\\/\\\/www.rei-t.be\\\/en\\\/#\\\/schema\\\/logo\\\/image\\\/\"}}]}<\/script>\n<!-- \/ Yoast SEO plugin. -->","yoast_head_json":{"title":"Fireproff tightening - REI-T","description":"The Pyro-safe closure system can be used to divide a building into separate areas and protect the passage of large pipes and ventilation ducts.","robots":{"index":"index","follow":"follow","max-snippet":"max-snippet:-1","max-image-preview":"max-image-preview:large","max-video-preview":"max-video-preview:-1"},"canonical":"https:\/\/www.rei-t.be\/en\/fireproff-tightening\/","og_locale":"en_US","og_type":"article","og_title":"Fireproff tightening - REI-T","og_description":"The Pyro-safe closure system can be used to divide a building into separate areas and protect the passage of large pipes and ventilation ducts.","og_url":"https:\/\/www.rei-t.be\/en\/fireproff-tightening\/","og_site_name":"REI-T","article_modified_time":"2023-03-20T18:32:45+00:00","twitter_card":"summary_large_image","twitter_misc":{"Est. reading time":"2 minutes"},"schema":{"@context":"https:\/\/schema.org","@graph":[{"@type":"WebPage","@id":"https:\/\/www.rei-t.be\/en\/fireproff-tightening\/","url":"https:\/\/www.rei-t.be\/en\/fireproff-tightening\/","name":"Fireproff tightening - REI-T","isPartOf":{"@id":"https:\/\/www.rei-t.be\/en\/#website"},"datePublished":"2022-11-24T14:45:15+00:00","dateModified":"2023-03-20T18:32:45+00:00","description":"The Pyro-safe closure system can be used to divide a building into separate areas and protect the passage of large pipes and ventilation ducts.","breadcrumb":{"@id":"https:\/\/www.rei-t.be\/en\/fireproff-tightening\/#breadcrumb"},"inLanguage":"en-US","potentialAction":[{"@type":"ReadAction","target":["https:\/\/www.rei-t.be\/en\/fireproff-tightening\/"]}]},{"@type":"BreadcrumbList","@id":"https:\/\/www.rei-t.be\/en\/fireproff-tightening\/#breadcrumb","itemListElement":[{"@type":"ListItem","position":1,"name":"Accueil","item":"https:\/\/www.rei-t.be\/en\/"},{"@type":"ListItem","position":2,"name":"Fireproff tightening"}]},{"@type":"WebSite","@id":"https:\/\/www.rei-t.be\/en\/#website","url":"https:\/\/www.rei-t.be\/en\/","name":"REI-T","description":"R\u00e9sistance, Etanch\u00e9it\u00e9, Isolation, Technologies","publisher":{"@id":"https:\/\/www.rei-t.be\/en\/#organization"},"potentialAction":[{"@type":"SearchAction","target":{"@type":"EntryPoint","urlTemplate":"https:\/\/www.rei-t.be\/en\/?s={search_term_string}"},"query-input":{"@type":"PropertyValueSpecification","valueRequired":true,"valueName":"search_term_string"}}],"inLanguage":"en-US"},{"@type":"Organization","@id":"https:\/\/www.rei-t.be\/en\/#organization","name":"REI-T","url":"https:\/\/www.rei-t.be\/en\/","logo":{"@type":"ImageObject","inLanguage":"en-US","@id":"https:\/\/www.rei-t.be\/en\/#\/schema\/logo\/image\/","url":"https:\/\/www.rei-t.be\/wp-content\/uploads\/2022\/09\/REIT-LogoRED-Q.svg","contentUrl":"https:\/\/www.rei-t.be\/wp-content\/uploads\/2022\/09\/REIT-LogoRED-Q.svg","width":378,"height":144,"caption":"REI-T"},"image":{"@id":"https:\/\/www.rei-t.be\/en\/#\/schema\/logo\/image\/"}}]}},"_links":{"self":[{"href":"https:\/\/www.rei-t.be\/en\/wp-json\/wp\/v2\/pages\/377","targetHints":{"allow":["GET"]}}],"collection":[{"href":"https:\/\/www.rei-t.be\/en\/wp-json\/wp\/v2\/pages"}],"about":[{"href":"https:\/\/www.rei-t.be\/en\/wp-json\/wp\/v2\/types\/page"}],"author":[{"embeddable":true,"href":"https:\/\/www.rei-t.be\/en\/wp-json\/wp\/v2\/users\/1"}],"replies":[{"embeddable":true,"href":"https:\/\/www.rei-t.be\/en\/wp-json\/wp\/v2\/comments?post=377"}],"version-history":[{"count":18,"href":"https:\/\/www.rei-t.be\/en\/wp-json\/wp\/v2\/pages\/377\/revisions"}],"predecessor-version":[{"id":652,"href":"https:\/\/www.rei-t.be\/en\/wp-json\/wp\/v2\/pages\/377\/revisions\/652"}],"wp:attachment":[{"href":"https:\/\/www.rei-t.be\/en\/wp-json\/wp\/v2\/media?parent=377"}],"curies":[{"name":"wp","href":"https:\/\/api.w.org\/{rel}","templated":true}]}}