{"id":376,"date":"2022-12-05T17:44:39","date_gmt":"2022-12-05T16:44:39","guid":{"rendered":"https:\/\/www.rei-t.be\/projets\/"},"modified":"2023-03-20T16:14:31","modified_gmt":"2023-03-20T15:14:31","slug":"projects","status":"publish","type":"page","link":"https:\/\/www.rei-t.be\/en\/projects\/","title":{"rendered":"Projects"},"content":{"rendered":"\t\t<div data-elementor-type=\"wp-page\" data-elementor-id=\"376\" class=\"elementor elementor-376\" data-elementor-post-type=\"page\">\n\t\t\t\t\t\t<section class=\"elementor-section elementor-top-section elementor-element elementor-element-69dfe0d elementor-section-boxed elementor-section-height-default elementor-section-height-default\" data-id=\"69dfe0d\" data-element_type=\"section\" data-e-type=\"section\" data-settings=\"{&quot;background_background&quot;:&quot;classic&quot;}\">\n\t\t\t\t\t\t\t<div class=\"elementor-background-overlay\"><\/div>\n\t\t\t\t\t\t\t<div class=\"elementor-container elementor-column-gap-default\">\n\t\t\t\t\t<div class=\"elementor-column elementor-col-100 elementor-top-column elementor-element elementor-element-8e8ece3\" data-id=\"8e8ece3\" data-element_type=\"column\" data-e-type=\"column\">\n\t\t\t<div class=\"elementor-widget-wrap elementor-element-populated\">\n\t\t\t\t\t\t<div class=\"elementor-element elementor-element-c9859fc elementor-widget elementor-widget-heading\" data-id=\"c9859fc\" data-element_type=\"widget\" data-e-type=\"widget\" data-widget_type=\"heading.default\">\n\t\t\t\t<div class=\"elementor-widget-container\">\n\t\t\t\t\t<h1 class=\"elementor-heading-title elementor-size-default\">Our fire protection projects<\/h1>\t\t\t\t<\/div>\n\t\t\t\t<\/div>\n\t\t\t\t\t<\/div>\n\t\t<\/div>\n\t\t\t\t\t<\/div>\n\t\t<\/section>\n\t\t\t\t<section class=\"elementor-section elementor-top-section elementor-element elementor-element-ac7e679 elementor-section-boxed elementor-section-height-default elementor-section-height-default\" data-id=\"ac7e679\" data-element_type=\"section\" data-e-type=\"section\">\n\t\t\t\t\t\t<div class=\"elementor-container elementor-column-gap-default\">\n\t\t\t\t\t<div class=\"elementor-column elementor-col-100 elementor-top-column elementor-element elementor-element-856533a\" data-id=\"856533a\" data-element_type=\"column\" data-e-type=\"column\">\n\t\t\t<div class=\"elementor-widget-wrap elementor-element-populated\">\n\t\t\t\t\t\t<div class=\"elementor-element elementor-element-a38a6ea elementor-widget elementor-widget-gallery\" data-id=\"a38a6ea\" data-element_type=\"widget\" data-e-type=\"widget\" data-settings=\"{&quot;columns&quot;:3,&quot;gap&quot;:{&quot;unit&quot;:&quot;px&quot;,&quot;size&quot;:30,&quot;sizes&quot;:[]},&quot;lazyload&quot;:&quot;yes&quot;,&quot;gallery_layout&quot;:&quot;grid&quot;,&quot;columns_tablet&quot;:2,&quot;columns_mobile&quot;:1,&quot;gap_tablet&quot;:{&quot;unit&quot;:&quot;px&quot;,&quot;size&quot;:10,&quot;sizes&quot;:[]},&quot;gap_mobile&quot;:{&quot;unit&quot;:&quot;px&quot;,&quot;size&quot;:10,&quot;sizes&quot;:[]},&quot;link_to&quot;:&quot;file&quot;,&quot;aspect_ratio&quot;:&quot;3:2&quot;,&quot;overlay_background&quot;:&quot;yes&quot;,&quot;content_hover_animation&quot;:&quot;fade-in&quot;}\" data-widget_type=\"gallery.default\">\n\t\t\t\t<div class=\"elementor-widget-container\">\n\t\t\t\t\t\t\t<div class=\"elementor-gallery__container\">\n\t\t\t\t\t\t\t<a class=\"e-gallery-item elementor-gallery-item elementor-animated-content\" href=\"https:\/\/www.rei-t.be\/wp-content\/uploads\/2023\/03\/DSC_0141.jpg\" data-elementor-open-lightbox=\"yes\" data-elementor-lightbox-slideshow=\"a38a6ea\" data-elementor-lightbox-title=\"DSC_0141\" data-e-action-hash=\"#elementor-action%3Aaction%3Dlightbox%26settings%3DeyJpZCI6NTgxLCJ1cmwiOiJodHRwczpcL1wvd3d3LnJlaS10LmJlXC93cC1jb250ZW50XC91cGxvYWRzXC8yMDIzXC8wM1wvRFNDXzAxNDEuanBnIiwic2xpZGVzaG93IjoiYTM4YTZlYSJ9\">\n\t\t\t\t\t<div class=\"e-gallery-image elementor-gallery-item__image\" data-thumbnail=\"https:\/\/www.rei-t.be\/wp-content\/uploads\/2023\/03\/DSC_0141.jpg\" data-width=\"997\" data-height=\"1500\" aria-label=\"\" role=\"img\" ><\/div>\n\t\t\t\t\t\t\t\t\t\t\t<div class=\"elementor-gallery-item__overlay\"><\/div>\n\t\t\t\t\t\t\t\t\t\t\t\t\t\t<\/a>\n\t\t\t\t\t\t\t<a class=\"e-gallery-item elementor-gallery-item elementor-animated-content\" href=\"https:\/\/www.rei-t.be\/wp-content\/uploads\/2023\/03\/DSC00838.jpg\" data-elementor-open-lightbox=\"yes\" data-elementor-lightbox-slideshow=\"a38a6ea\" data-elementor-lightbox-title=\"DSC00838\" data-e-action-hash=\"#elementor-action%3Aaction%3Dlightbox%26settings%3DeyJpZCI6NTgzLCJ1cmwiOiJodHRwczpcL1wvd3d3LnJlaS10LmJlXC93cC1jb250ZW50XC91cGxvYWRzXC8yMDIzXC8wM1wvRFNDMDA4MzguanBnIiwic2xpZGVzaG93IjoiYTM4YTZlYSJ9\">\n\t\t\t\t\t<div class=\"e-gallery-image elementor-gallery-item__image\" data-thumbnail=\"https:\/\/www.rei-t.be\/wp-content\/uploads\/2023\/03\/DSC00838.jpg\" data-width=\"1500\" data-height=\"1125\" aria-label=\"\" role=\"img\" ><\/div>\n\t\t\t\t\t\t\t\t\t\t\t<div class=\"elementor-gallery-item__overlay\"><\/div>\n\t\t\t\t\t\t\t\t\t\t\t\t\t\t<\/a>\n\t\t\t\t\t\t\t<a class=\"e-gallery-item elementor-gallery-item elementor-animated-content\" href=\"https:\/\/www.rei-t.be\/wp-content\/uploads\/2023\/03\/DSC01793.jpg\" data-elementor-open-lightbox=\"yes\" data-elementor-lightbox-slideshow=\"a38a6ea\" data-elementor-lightbox-title=\"DSC01793\" data-e-action-hash=\"#elementor-action%3Aaction%3Dlightbox%26settings%3DeyJpZCI6NTg1LCJ1cmwiOiJodHRwczpcL1wvd3d3LnJlaS10LmJlXC93cC1jb250ZW50XC91cGxvYWRzXC8yMDIzXC8wM1wvRFNDMDE3OTMuanBnIiwic2xpZGVzaG93IjoiYTM4YTZlYSJ9\">\n\t\t\t\t\t<div class=\"e-gallery-image elementor-gallery-item__image\" data-thumbnail=\"https:\/\/www.rei-t.be\/wp-content\/uploads\/2023\/03\/DSC01793.jpg\" data-width=\"1500\" data-height=\"1125\" aria-label=\"\" role=\"img\" ><\/div>\n\t\t\t\t\t\t\t\t\t\t\t<div class=\"elementor-gallery-item__overlay\"><\/div>\n\t\t\t\t\t\t\t\t\t\t\t\t\t\t<\/a>\n\t\t\t\t\t\t\t<a class=\"e-gallery-item elementor-gallery-item elementor-animated-content\" href=\"https:\/\/www.rei-t.be\/wp-content\/uploads\/2023\/03\/IM000266.jpg\" data-elementor-open-lightbox=\"yes\" data-elementor-lightbox-slideshow=\"a38a6ea\" data-elementor-lightbox-title=\"IM000266\" data-e-action-hash=\"#elementor-action%3Aaction%3Dlightbox%26settings%3DeyJpZCI6NTg3LCJ1cmwiOiJodHRwczpcL1wvd3d3LnJlaS10LmJlXC93cC1jb250ZW50XC91cGxvYWRzXC8yMDIzXC8wM1wvSU0wMDAyNjYuanBnIiwic2xpZGVzaG93IjoiYTM4YTZlYSJ9\">\n\t\t\t\t\t<div class=\"e-gallery-image elementor-gallery-item__image\" data-thumbnail=\"https:\/\/www.rei-t.be\/wp-content\/uploads\/2023\/03\/IM000266.jpg\" data-width=\"592\" data-height=\"400\" aria-label=\"\" role=\"img\" ><\/div>\n\t\t\t\t\t\t\t\t\t\t\t<div class=\"elementor-gallery-item__overlay\"><\/div>\n\t\t\t\t\t\t\t\t\t\t\t\t\t\t<\/a>\n\t\t\t\t\t\t\t<a class=\"e-gallery-item elementor-gallery-item elementor-animated-content\" href=\"https:\/\/www.rei-t.be\/wp-content\/uploads\/2023\/03\/IMG_1728.jpg\" data-elementor-open-lightbox=\"yes\" data-elementor-lightbox-slideshow=\"a38a6ea\" data-elementor-lightbox-title=\"IMG_1728\" data-e-action-hash=\"#elementor-action%3Aaction%3Dlightbox%26settings%3DeyJpZCI6NTg5LCJ1cmwiOiJodHRwczpcL1wvd3d3LnJlaS10LmJlXC93cC1jb250ZW50XC91cGxvYWRzXC8yMDIzXC8wM1wvSU1HXzE3MjguanBnIiwic2xpZGVzaG93IjoiYTM4YTZlYSJ9\">\n\t\t\t\t\t<div class=\"e-gallery-image elementor-gallery-item__image\" data-thumbnail=\"https:\/\/www.rei-t.be\/wp-content\/uploads\/2023\/03\/IMG_1728.jpg\" data-width=\"1500\" data-height=\"1000\" aria-label=\"\" role=\"img\" ><\/div>\n\t\t\t\t\t\t\t\t\t\t\t<div class=\"elementor-gallery-item__overlay\"><\/div>\n\t\t\t\t\t\t\t\t\t\t\t\t\t\t<\/a>\n\t\t\t\t\t\t\t<a class=\"e-gallery-item elementor-gallery-item elementor-animated-content\" href=\"https:\/\/www.rei-t.be\/wp-content\/uploads\/2023\/03\/P4226331.jpg\" data-elementor-open-lightbox=\"yes\" data-elementor-lightbox-slideshow=\"a38a6ea\" data-elementor-lightbox-title=\"P4226331\" data-e-action-hash=\"#elementor-action%3Aaction%3Dlightbox%26settings%3DeyJpZCI6NTkxLCJ1cmwiOiJodHRwczpcL1wvd3d3LnJlaS10LmJlXC93cC1jb250ZW50XC91cGxvYWRzXC8yMDIzXC8wM1wvUDQyMjYzMzEuanBnIiwic2xpZGVzaG93IjoiYTM4YTZlYSJ9\">\n\t\t\t\t\t<div class=\"e-gallery-image elementor-gallery-item__image\" data-thumbnail=\"https:\/\/www.rei-t.be\/wp-content\/uploads\/2023\/03\/P4226331.jpg\" data-width=\"1500\" data-height=\"1125\" aria-label=\"\" role=\"img\" ><\/div>\n\t\t\t\t\t\t\t\t\t\t\t<div class=\"elementor-gallery-item__overlay\"><\/div>\n\t\t\t\t\t\t\t\t\t\t\t\t\t\t<\/a>\n\t\t\t\t\t\t\t<a class=\"e-gallery-item elementor-gallery-item elementor-animated-content\" href=\"https:\/\/www.rei-t.be\/wp-content\/uploads\/2023\/03\/photo-mabo-lifting-011.jpg\" data-elementor-open-lightbox=\"yes\" data-elementor-lightbox-slideshow=\"a38a6ea\" data-elementor-lightbox-title=\"photo mabo lifting 011\" data-e-action-hash=\"#elementor-action%3Aaction%3Dlightbox%26settings%3DeyJpZCI6NTkzLCJ1cmwiOiJodHRwczpcL1wvd3d3LnJlaS10LmJlXC93cC1jb250ZW50XC91cGxvYWRzXC8yMDIzXC8wM1wvcGhvdG8tbWFiby1saWZ0aW5nLTAxMS5qcGciLCJzbGlkZXNob3ciOiJhMzhhNmVhIn0%3D\">\n\t\t\t\t\t<div class=\"e-gallery-image elementor-gallery-item__image\" data-thumbnail=\"https:\/\/www.rei-t.be\/wp-content\/uploads\/2023\/03\/photo-mabo-lifting-011.jpg\" data-width=\"1125\" data-height=\"1500\" aria-label=\"\" role=\"img\" ><\/div>\n\t\t\t\t\t\t\t\t\t\t\t<div class=\"elementor-gallery-item__overlay\"><\/div>\n\t\t\t\t\t\t\t\t\t\t\t\t\t\t<\/a>\n\t\t\t\t\t\t\t<a class=\"e-gallery-item elementor-gallery-item elementor-animated-content\" href=\"https:\/\/www.rei-t.be\/wp-content\/uploads\/2023\/03\/photo-mabo-lifting-016.jpg\" data-elementor-open-lightbox=\"yes\" data-elementor-lightbox-slideshow=\"a38a6ea\" data-elementor-lightbox-title=\"photo mabo lifting 016\" data-e-action-hash=\"#elementor-action%3Aaction%3Dlightbox%26settings%3DeyJpZCI6NTk1LCJ1cmwiOiJodHRwczpcL1wvd3d3LnJlaS10LmJlXC93cC1jb250ZW50XC91cGxvYWRzXC8yMDIzXC8wM1wvcGhvdG8tbWFiby1saWZ0aW5nLTAxNi5qcGciLCJzbGlkZXNob3ciOiJhMzhhNmVhIn0%3D\">\n\t\t\t\t\t<div class=\"e-gallery-image elementor-gallery-item__image\" data-thumbnail=\"https:\/\/www.rei-t.be\/wp-content\/uploads\/2023\/03\/photo-mabo-lifting-016.jpg\" data-width=\"1500\" data-height=\"1125\" aria-label=\"\" role=\"img\" ><\/div>\n\t\t\t\t\t\t\t\t\t\t\t<div class=\"elementor-gallery-item__overlay\"><\/div>\n\t\t\t\t\t\t\t\t\t\t\t\t\t\t<\/a>\n\t\t\t\t\t\t\t<a class=\"e-gallery-item elementor-gallery-item elementor-animated-content\" href=\"https:\/\/www.rei-t.be\/wp-content\/uploads\/2023\/03\/SDC10260.jpg\" data-elementor-open-lightbox=\"yes\" data-elementor-lightbox-slideshow=\"a38a6ea\" data-elementor-lightbox-title=\"SDC10260\" data-e-action-hash=\"#elementor-action%3Aaction%3Dlightbox%26settings%3DeyJpZCI6NTk3LCJ1cmwiOiJodHRwczpcL1wvd3d3LnJlaS10LmJlXC93cC1jb250ZW50XC91cGxvYWRzXC8yMDIzXC8wM1wvU0RDMTAyNjAuanBnIiwic2xpZGVzaG93IjoiYTM4YTZlYSJ9\">\n\t\t\t\t\t<div class=\"e-gallery-image elementor-gallery-item__image\" data-thumbnail=\"https:\/\/www.rei-t.be\/wp-content\/uploads\/2023\/03\/SDC10260.jpg\" data-width=\"1024\" data-height=\"768\" aria-label=\"\" role=\"img\" ><\/div>\n\t\t\t\t\t\t\t\t\t\t\t<div class=\"elementor-gallery-item__overlay\"><\/div>\n\t\t\t\t\t\t\t\t\t\t\t\t\t\t<\/a>\n\t\t\t\t\t\t\t<a class=\"e-gallery-item elementor-gallery-item elementor-animated-content\" href=\"https:\/\/www.rei-t.be\/wp-content\/uploads\/2023\/03\/SDC11185.jpg\" data-elementor-open-lightbox=\"yes\" data-elementor-lightbox-slideshow=\"a38a6ea\" data-elementor-lightbox-title=\"SDC11185\" data-e-action-hash=\"#elementor-action%3Aaction%3Dlightbox%26settings%3DeyJpZCI6NTk5LCJ1cmwiOiJodHRwczpcL1wvd3d3LnJlaS10LmJlXC93cC1jb250ZW50XC91cGxvYWRzXC8yMDIzXC8wM1wvU0RDMTExODUuanBnIiwic2xpZGVzaG93IjoiYTM4YTZlYSJ9\">\n\t\t\t\t\t<div class=\"e-gallery-image elementor-gallery-item__image\" data-thumbnail=\"https:\/\/www.rei-t.be\/wp-content\/uploads\/2023\/03\/SDC11185.jpg\" data-width=\"1500\" data-height=\"1125\" aria-label=\"\" role=\"img\" ><\/div>\n\t\t\t\t\t\t\t\t\t\t\t<div class=\"elementor-gallery-item__overlay\"><\/div>\n\t\t\t\t\t\t\t\t\t\t\t\t\t\t<\/a>\n\t\t\t\t\t\t\t<a class=\"e-gallery-item elementor-gallery-item elementor-animated-content\" href=\"https:\/\/www.rei-t.be\/wp-content\/uploads\/2023\/03\/SDC11192.jpg\" data-elementor-open-lightbox=\"yes\" data-elementor-lightbox-slideshow=\"a38a6ea\" data-elementor-lightbox-title=\"SDC11192\" data-e-action-hash=\"#elementor-action%3Aaction%3Dlightbox%26settings%3DeyJpZCI6NjAxLCJ1cmwiOiJodHRwczpcL1wvd3d3LnJlaS10LmJlXC93cC1jb250ZW50XC91cGxvYWRzXC8yMDIzXC8wM1wvU0RDMTExOTIuanBnIiwic2xpZGVzaG93IjoiYTM4YTZlYSJ9\">\n\t\t\t\t\t<div class=\"e-gallery-image elementor-gallery-item__image\" data-thumbnail=\"https:\/\/www.rei-t.be\/wp-content\/uploads\/2023\/03\/SDC11192.jpg\" data-width=\"1500\" data-height=\"1125\" aria-label=\"\" role=\"img\" ><\/div>\n\t\t\t\t\t\t\t\t\t\t\t<div class=\"elementor-gallery-item__overlay\"><\/div>\n\t\t\t\t\t\t\t\t\t\t\t\t\t\t<\/a>\n\t\t\t\t\t\t\t<a class=\"e-gallery-item elementor-gallery-item elementor-animated-content\" href=\"https:\/\/www.rei-t.be\/wp-content\/uploads\/2023\/03\/SDC12270.jpg\" data-elementor-open-lightbox=\"yes\" data-elementor-lightbox-slideshow=\"a38a6ea\" data-elementor-lightbox-title=\"SDC12270\" data-e-action-hash=\"#elementor-action%3Aaction%3Dlightbox%26settings%3DeyJpZCI6NjAzLCJ1cmwiOiJodHRwczpcL1wvd3d3LnJlaS10LmJlXC93cC1jb250ZW50XC91cGxvYWRzXC8yMDIzXC8wM1wvU0RDMTIyNzAuanBnIiwic2xpZGVzaG93IjoiYTM4YTZlYSJ9\">\n\t\t\t\t\t<div class=\"e-gallery-image elementor-gallery-item__image\" data-thumbnail=\"https:\/\/www.rei-t.be\/wp-content\/uploads\/2023\/03\/SDC12270.jpg\" data-width=\"1500\" data-height=\"1125\" aria-label=\"\" role=\"img\" ><\/div>\n\t\t\t\t\t\t\t\t\t\t\t<div class=\"elementor-gallery-item__overlay\"><\/div>\n\t\t\t\t\t\t\t\t\t\t\t\t\t\t<\/a>\n\t\t\t\t\t<\/div>\n\t\t\t\t\t<\/div>\n\t\t\t\t<\/div>\n\t\t\t\t\t<\/div>\n\t\t<\/div>\n\t\t\t\t\t<\/div>\n\t\t<\/section>\n\t\t\t\t<\/div>\n\t\t","protected":false},"excerpt":{"rendered":"<p>Our fire protection projects<\/p>\n","protected":false},"author":1,"featured_media":0,"parent":0,"menu_order":0,"comment_status":"closed","ping_status":"closed","template":"","meta":{"footnotes":""},"class_list":["post-376","page","type-page","status-publish","hentry"],"yoast_head":"<!-- This site is optimized with the Yoast SEO plugin v27.3 - https:\/\/yoast.com\/product\/yoast-seo-wordpress\/ -->\n<title>Projects - REI-T<\/title>\n<meta name=\"robots\" content=\"index, follow, max-snippet:-1, max-image-preview:large, max-video-preview:-1\" \/>\n<link rel=\"canonical\" href=\"https:\/\/www.rei-t.be\/en\/projects\/\" \/>\n<meta property=\"og:locale\" content=\"en_US\" \/>\n<meta property=\"og:type\" content=\"article\" \/>\n<meta property=\"og:title\" content=\"Projects - REI-T\" \/>\n<meta property=\"og:description\" content=\"Our fire protection projects\" \/>\n<meta property=\"og:url\" content=\"https:\/\/www.rei-t.be\/en\/projects\/\" \/>\n<meta property=\"og:site_name\" content=\"REI-T\" \/>\n<meta property=\"article:modified_time\" content=\"2023-03-20T15:14:31+00:00\" \/>\n<meta name=\"twitter:card\" content=\"summary_large_image\" \/>\n<script type=\"application\/ld+json\" class=\"yoast-schema-graph\">{\"@context\":\"https:\\\/\\\/schema.org\",\"@graph\":[{\"@type\":\"WebPage\",\"@id\":\"https:\\\/\\\/www.rei-t.be\\\/en\\\/projects\\\/\",\"url\":\"https:\\\/\\\/www.rei-t.be\\\/en\\\/projects\\\/\",\"name\":\"Projects - REI-T\",\"isPartOf\":{\"@id\":\"https:\\\/\\\/www.rei-t.be\\\/en\\\/#website\"},\"datePublished\":\"2022-12-05T16:44:39+00:00\",\"dateModified\":\"2023-03-20T15:14:31+00:00\",\"breadcrumb\":{\"@id\":\"https:\\\/\\\/www.rei-t.be\\\/en\\\/projects\\\/#breadcrumb\"},\"inLanguage\":\"en-US\",\"potentialAction\":[{\"@type\":\"ReadAction\",\"target\":[\"https:\\\/\\\/www.rei-t.be\\\/en\\\/projects\\\/\"]}]},{\"@type\":\"BreadcrumbList\",\"@id\":\"https:\\\/\\\/www.rei-t.be\\\/en\\\/projects\\\/#breadcrumb\",\"itemListElement\":[{\"@type\":\"ListItem\",\"position\":1,\"name\":\"Accueil\",\"item\":\"https:\\\/\\\/www.rei-t.be\\\/en\\\/\"},{\"@type\":\"ListItem\",\"position\":2,\"name\":\"Projects\"}]},{\"@type\":\"WebSite\",\"@id\":\"https:\\\/\\\/www.rei-t.be\\\/en\\\/#website\",\"url\":\"https:\\\/\\\/www.rei-t.be\\\/en\\\/\",\"name\":\"REI-T\",\"description\":\"R\u00e9sistance, Etanch\u00e9it\u00e9, Isolation, Technologies\",\"publisher\":{\"@id\":\"https:\\\/\\\/www.rei-t.be\\\/en\\\/#organization\"},\"potentialAction\":[{\"@type\":\"SearchAction\",\"target\":{\"@type\":\"EntryPoint\",\"urlTemplate\":\"https:\\\/\\\/www.rei-t.be\\\/en\\\/?s={search_term_string}\"},\"query-input\":{\"@type\":\"PropertyValueSpecification\",\"valueRequired\":true,\"valueName\":\"search_term_string\"}}],\"inLanguage\":\"en-US\"},{\"@type\":\"Organization\",\"@id\":\"https:\\\/\\\/www.rei-t.be\\\/en\\\/#organization\",\"name\":\"REI-T\",\"url\":\"https:\\\/\\\/www.rei-t.be\\\/en\\\/\",\"logo\":{\"@type\":\"ImageObject\",\"inLanguage\":\"en-US\",\"@id\":\"https:\\\/\\\/www.rei-t.be\\\/en\\\/#\\\/schema\\\/logo\\\/image\\\/\",\"url\":\"https:\\\/\\\/www.rei-t.be\\\/wp-content\\\/uploads\\\/2022\\\/09\\\/REIT-LogoRED-Q.svg\",\"contentUrl\":\"https:\\\/\\\/www.rei-t.be\\\/wp-content\\\/uploads\\\/2022\\\/09\\\/REIT-LogoRED-Q.svg\",\"width\":378,\"height\":144,\"caption\":\"REI-T\"},\"image\":{\"@id\":\"https:\\\/\\\/www.rei-t.be\\\/en\\\/#\\\/schema\\\/logo\\\/image\\\/\"}}]}<\/script>\n<!-- \/ Yoast SEO plugin. -->","yoast_head_json":{"title":"Projects - REI-T","robots":{"index":"index","follow":"follow","max-snippet":"max-snippet:-1","max-image-preview":"max-image-preview:large","max-video-preview":"max-video-preview:-1"},"canonical":"https:\/\/www.rei-t.be\/en\/projects\/","og_locale":"en_US","og_type":"article","og_title":"Projects - REI-T","og_description":"Our fire protection projects","og_url":"https:\/\/www.rei-t.be\/en\/projects\/","og_site_name":"REI-T","article_modified_time":"2023-03-20T15:14:31+00:00","twitter_card":"summary_large_image","schema":{"@context":"https:\/\/schema.org","@graph":[{"@type":"WebPage","@id":"https:\/\/www.rei-t.be\/en\/projects\/","url":"https:\/\/www.rei-t.be\/en\/projects\/","name":"Projects - REI-T","isPartOf":{"@id":"https:\/\/www.rei-t.be\/en\/#website"},"datePublished":"2022-12-05T16:44:39+00:00","dateModified":"2023-03-20T15:14:31+00:00","breadcrumb":{"@id":"https:\/\/www.rei-t.be\/en\/projects\/#breadcrumb"},"inLanguage":"en-US","potentialAction":[{"@type":"ReadAction","target":["https:\/\/www.rei-t.be\/en\/projects\/"]}]},{"@type":"BreadcrumbList","@id":"https:\/\/www.rei-t.be\/en\/projects\/#breadcrumb","itemListElement":[{"@type":"ListItem","position":1,"name":"Accueil","item":"https:\/\/www.rei-t.be\/en\/"},{"@type":"ListItem","position":2,"name":"Projects"}]},{"@type":"WebSite","@id":"https:\/\/www.rei-t.be\/en\/#website","url":"https:\/\/www.rei-t.be\/en\/","name":"REI-T","description":"R\u00e9sistance, Etanch\u00e9it\u00e9, Isolation, Technologies","publisher":{"@id":"https:\/\/www.rei-t.be\/en\/#organization"},"potentialAction":[{"@type":"SearchAction","target":{"@type":"EntryPoint","urlTemplate":"https:\/\/www.rei-t.be\/en\/?s={search_term_string}"},"query-input":{"@type":"PropertyValueSpecification","valueRequired":true,"valueName":"search_term_string"}}],"inLanguage":"en-US"},{"@type":"Organization","@id":"https:\/\/www.rei-t.be\/en\/#organization","name":"REI-T","url":"https:\/\/www.rei-t.be\/en\/","logo":{"@type":"ImageObject","inLanguage":"en-US","@id":"https:\/\/www.rei-t.be\/en\/#\/schema\/logo\/image\/","url":"https:\/\/www.rei-t.be\/wp-content\/uploads\/2022\/09\/REIT-LogoRED-Q.svg","contentUrl":"https:\/\/www.rei-t.be\/wp-content\/uploads\/2022\/09\/REIT-LogoRED-Q.svg","width":378,"height":144,"caption":"REI-T"},"image":{"@id":"https:\/\/www.rei-t.be\/en\/#\/schema\/logo\/image\/"}}]}},"_links":{"self":[{"href":"https:\/\/www.rei-t.be\/en\/wp-json\/wp\/v2\/pages\/376","targetHints":{"allow":["GET"]}}],"collection":[{"href":"https:\/\/www.rei-t.be\/en\/wp-json\/wp\/v2\/pages"}],"about":[{"href":"https:\/\/www.rei-t.be\/en\/wp-json\/wp\/v2\/types\/page"}],"author":[{"embeddable":true,"href":"https:\/\/www.rei-t.be\/en\/wp-json\/wp\/v2\/users\/1"}],"replies":[{"embeddable":true,"href":"https:\/\/www.rei-t.be\/en\/wp-json\/wp\/v2\/comments?post=376"}],"version-history":[{"count":7,"href":"https:\/\/www.rei-t.be\/en\/wp-json\/wp\/v2\/pages\/376\/revisions"}],"predecessor-version":[{"id":613,"href":"https:\/\/www.rei-t.be\/en\/wp-json\/wp\/v2\/pages\/376\/revisions\/613"}],"wp:attachment":[{"href":"https:\/\/www.rei-t.be\/en\/wp-json\/wp\/v2\/media?parent=376"}],"curies":[{"name":"wp","href":"https:\/\/api.w.org\/{rel}","templated":true}]}}