{"id":373,"date":"2022-12-05T17:44:17","date_gmt":"2022-12-05T16:44:17","guid":{"rendered":"https:\/\/www.rei-t.be\/habillage-de-clapets-coupe-feu\/"},"modified":"2023-03-20T19:33:11","modified_gmt":"2023-03-20T18:33:11","slug":"fire-resistor-dressing","status":"publish","type":"page","link":"https:\/\/www.rei-t.be\/en\/fire-resistor-dressing\/","title":{"rendered":"Fire resistor Dressing"},"content":{"rendered":"\t\t<div data-elementor-type=\"wp-page\" data-elementor-id=\"373\" class=\"elementor elementor-373 elementor-213\" data-elementor-post-type=\"page\">\n\t\t\t\t\t\t<section class=\"elementor-section elementor-top-section elementor-element elementor-element-6909f91 elementor-section-height-min-height elementor-section-boxed elementor-section-height-default elementor-section-items-middle\" data-id=\"6909f91\" data-element_type=\"section\" data-e-type=\"section\" data-settings=\"{&quot;background_background&quot;:&quot;classic&quot;}\">\n\t\t\t\t\t\t\t<div class=\"elementor-background-overlay\"><\/div>\n\t\t\t\t\t\t\t<div class=\"elementor-container elementor-column-gap-default\">\n\t\t\t\t\t<div class=\"elementor-column elementor-col-100 elementor-top-column elementor-element elementor-element-46745a6\" data-id=\"46745a6\" data-element_type=\"column\" data-e-type=\"column\">\n\t\t\t<div class=\"elementor-widget-wrap\">\n\t\t\t\t\t\t\t<\/div>\n\t\t<\/div>\n\t\t\t\t\t<\/div>\n\t\t<\/section>\n\t\t\t\t<section class=\"elementor-section elementor-top-section elementor-element elementor-element-84fee32 ux-services elementor-reverse-mobile elementor-section-boxed elementor-section-height-default elementor-section-height-default\" data-id=\"84fee32\" data-element_type=\"section\" data-e-type=\"section\">\n\t\t\t\t\t\t<div class=\"elementor-container elementor-column-gap-default\">\n\t\t\t\t\t<div class=\"elementor-column elementor-col-50 elementor-top-column elementor-element elementor-element-77e384d\" data-id=\"77e384d\" data-element_type=\"column\" data-e-type=\"column\">\n\t\t\t<div class=\"elementor-widget-wrap elementor-element-populated\">\n\t\t\t\t\t\t<section class=\"elementor-section elementor-inner-section elementor-element elementor-element-5ca4541 elementor-section-boxed elementor-section-height-default elementor-section-height-default\" data-id=\"5ca4541\" data-element_type=\"section\" data-e-type=\"section\">\n\t\t\t\t\t\t<div class=\"elementor-container elementor-column-gap-default\">\n\t\t\t\t\t<div class=\"elementor-column elementor-col-100 elementor-inner-column elementor-element elementor-element-bcab4c7\" data-id=\"bcab4c7\" data-element_type=\"column\" data-e-type=\"column\" data-settings=\"{&quot;background_background&quot;:&quot;classic&quot;}\">\n\t\t\t<div class=\"elementor-widget-wrap elementor-element-populated\">\n\t\t\t\t\t\t<div class=\"elementor-element elementor-element-4cf70e2 elementor-widget elementor-widget-heading\" data-id=\"4cf70e2\" data-element_type=\"widget\" data-e-type=\"widget\" data-widget_type=\"heading.default\">\n\t\t\t\t<div class=\"elementor-widget-container\">\n\t\t\t\t\t<h5 class=\"elementor-heading-title elementor-size-default\">Our services<\/h5>\t\t\t\t<\/div>\n\t\t\t\t<\/div>\n\t\t\t\t<div class=\"elementor-element elementor-element-cd66090 elementor-nav-menu__align-start elementor-nav-menu--dropdown-none menu-services elementor-widget elementor-widget-nav-menu\" data-id=\"cd66090\" data-element_type=\"widget\" data-e-type=\"widget\" data-settings=\"{&quot;layout&quot;:&quot;vertical&quot;,&quot;submenu_icon&quot;:{&quot;value&quot;:&quot;&lt;i class=\\&quot;fas fa-caret-down\\&quot; aria-hidden=\\&quot;true\\&quot;&gt;&lt;\\\/i&gt;&quot;,&quot;library&quot;:&quot;fa-solid&quot;}}\" data-widget_type=\"nav-menu.default\">\n\t\t\t\t<div class=\"elementor-widget-container\">\n\t\t\t\t\t\t\t\t<nav aria-label=\"Menu\" class=\"elementor-nav-menu--main elementor-nav-menu__container elementor-nav-menu--layout-vertical e--pointer-none\">\n\t\t\t\t<ul id=\"menu-1-cd66090\" class=\"elementor-nav-menu sm-vertical\"><li class=\"menu-item menu-item-type-post_type menu-item-object-page menu-item-391\"><a href=\"https:\/\/www.rei-t.be\/en\/fireproff-tightening\/\" class=\"elementor-item\">Fireproff tightening<\/a><\/li>\n<li class=\"menu-item menu-item-type-post_type menu-item-object-page menu-item-388\"><a href=\"https:\/\/www.rei-t.be\/en\/fire-resistor-dressing\/\" class=\"elementor-item\">Fire resistor Dressing<\/a><\/li>\n<li class=\"menu-item menu-item-type-post_type menu-item-object-page menu-item-389\"><a href=\"https:\/\/www.rei-t.be\/en\/rf-cladding-of-metal-beams\/\" class=\"elementor-item\">RF cladding of metal beams<\/a><\/li>\n<li class=\"menu-item menu-item-type-post_type menu-item-object-page menu-item-390\"><a href=\"https:\/\/www.rei-t.be\/en\/ventilation-ducts-dressing-in-promat\/\" class=\"elementor-item\">Ventilation ducts dressing in \u201cPromat\u201d<\/a><\/li>\n<\/ul>\t\t\t<\/nav>\n\t\t\t\t\t\t<nav class=\"elementor-nav-menu--dropdown elementor-nav-menu__container\" aria-hidden=\"true\">\n\t\t\t\t<ul id=\"menu-2-cd66090\" class=\"elementor-nav-menu sm-vertical\"><li class=\"menu-item menu-item-type-post_type menu-item-object-page menu-item-391\"><a href=\"https:\/\/www.rei-t.be\/en\/fireproff-tightening\/\" class=\"elementor-item\" tabindex=\"-1\">Fireproff tightening<\/a><\/li>\n<li class=\"menu-item menu-item-type-post_type menu-item-object-page menu-item-388\"><a href=\"https:\/\/www.rei-t.be\/en\/fire-resistor-dressing\/\" class=\"elementor-item\" tabindex=\"-1\">Fire resistor Dressing<\/a><\/li>\n<li class=\"menu-item menu-item-type-post_type menu-item-object-page menu-item-389\"><a href=\"https:\/\/www.rei-t.be\/en\/rf-cladding-of-metal-beams\/\" class=\"elementor-item\" tabindex=\"-1\">RF cladding of metal beams<\/a><\/li>\n<li class=\"menu-item menu-item-type-post_type menu-item-object-page menu-item-390\"><a href=\"https:\/\/www.rei-t.be\/en\/ventilation-ducts-dressing-in-promat\/\" class=\"elementor-item\" tabindex=\"-1\">Ventilation ducts dressing in \u201cPromat\u201d<\/a><\/li>\n<\/ul>\t\t\t<\/nav>\n\t\t\t\t\t\t<\/div>\n\t\t\t\t<\/div>\n\t\t\t\t\t<\/div>\n\t\t<\/div>\n\t\t\t\t\t<\/div>\n\t\t<\/section>\n\t\t\t\t<section class=\"elementor-section elementor-inner-section elementor-element elementor-element-92fb737 elementor-section-boxed elementor-section-height-default elementor-section-height-default\" data-id=\"92fb737\" data-element_type=\"section\" data-e-type=\"section\">\n\t\t\t\t\t\t<div class=\"elementor-container elementor-column-gap-default\">\n\t\t\t\t\t<div class=\"elementor-column elementor-col-100 elementor-inner-column elementor-element elementor-element-61dec36\" data-id=\"61dec36\" data-element_type=\"column\" data-e-type=\"column\" data-settings=\"{&quot;background_background&quot;:&quot;classic&quot;}\">\n\t\t\t<div class=\"elementor-widget-wrap elementor-element-populated\">\n\t\t\t\t\t\t<div class=\"elementor-element elementor-element-13a3649 elementor-widget elementor-widget-heading\" data-id=\"13a3649\" data-element_type=\"widget\" data-e-type=\"widget\" data-widget_type=\"heading.default\">\n\t\t\t\t<div class=\"elementor-widget-container\">\n\t\t\t\t\t<h5 class=\"elementor-heading-title elementor-size-default\">Any questions?<\/h5>\t\t\t\t<\/div>\n\t\t\t\t<\/div>\n\t\t\t\t<div class=\"elementor-element elementor-element-4735d20 elementor-widget elementor-widget-text-editor\" data-id=\"4735d20\" data-element_type=\"widget\" data-e-type=\"widget\" data-widget_type=\"text-editor.default\">\n\t\t\t\t<div class=\"elementor-widget-container\">\n\t\t\t\t\t\t\t\t\t<p>Do not hesitate to contact<\/p>\t\t\t\t\t\t\t\t<\/div>\n\t\t\t\t<\/div>\n\t\t\t\t<div class=\"elementor-element elementor-element-f7a96e9 elementor-button-align-stretch elementor-widget elementor-widget-form\" data-id=\"f7a96e9\" data-element_type=\"widget\" data-e-type=\"widget\" data-settings=\"{&quot;step_next_label&quot;:&quot;Next&quot;,&quot;step_previous_label&quot;:&quot;Previous&quot;,&quot;button_width&quot;:&quot;100&quot;,&quot;step_type&quot;:&quot;number_text&quot;,&quot;step_icon_shape&quot;:&quot;circle&quot;}\" data-widget_type=\"form.default\">\n\t\t\t\t<div class=\"elementor-widget-container\">\n\t\t\t\t\t\t\t<form class=\"elementor-form\" method=\"post\" name=\"New Form\" aria-label=\"New Form\">\n\t\t\t<input type=\"hidden\" name=\"post_id\" value=\"373\"\/>\n\t\t\t<input type=\"hidden\" name=\"form_id\" value=\"f7a96e9\"\/>\n\t\t\t<input type=\"hidden\" name=\"referer_title\" value=\"REI-T\" \/>\n\n\t\t\t\n\t\t\t<div class=\"elementor-form-fields-wrapper elementor-labels-\">\n\t\t\t\t\t\t\t\t<div class=\"elementor-field-type-text elementor-field-group elementor-column elementor-field-group-name elementor-col-100 elementor-field-required\">\n\t\t\t\t\t\t\t\t\t\t\t\t<label for=\"form-field-name\" class=\"elementor-field-label elementor-screen-only\">\n\t\t\t\t\t\t\t\tName\t\t\t\t\t\t\t<\/label>\n\t\t\t\t\t\t\t\t\t\t\t\t\t\t<input size=\"1\" type=\"text\" name=\"form_fields[name]\" id=\"form-field-name\" class=\"elementor-field elementor-size-sm  elementor-field-textual\" placeholder=\"Full Name\" required=\"required\">\n\t\t\t\t\t\t\t\t\t\t\t<\/div>\n\t\t\t\t\t\t\t\t<div class=\"elementor-field-type-email elementor-field-group elementor-column elementor-field-group-email elementor-col-100 elementor-field-required\">\n\t\t\t\t\t\t\t\t\t\t\t\t<label for=\"form-field-email\" class=\"elementor-field-label elementor-screen-only\">\n\t\t\t\t\t\t\t\tEmail\t\t\t\t\t\t\t<\/label>\n\t\t\t\t\t\t\t\t\t\t\t\t\t\t<input size=\"1\" type=\"email\" name=\"form_fields[email]\" id=\"form-field-email\" class=\"elementor-field elementor-size-sm  elementor-field-textual\" placeholder=\"Email\" required=\"required\">\n\t\t\t\t\t\t\t\t\t\t\t<\/div>\n\t\t\t\t\t\t\t\t<div class=\"elementor-field-type-textarea elementor-field-group elementor-column elementor-field-group-message elementor-col-100 elementor-field-required\">\n\t\t\t\t\t\t\t\t\t\t\t\t<label for=\"form-field-message\" class=\"elementor-field-label elementor-screen-only\">\n\t\t\t\t\t\t\t\tMessage\t\t\t\t\t\t\t<\/label>\n\t\t\t\t\t\t<textarea class=\"elementor-field-textual elementor-field  elementor-size-sm\" name=\"form_fields[message]\" id=\"form-field-message\" rows=\"4\" placeholder=\"Message\" required=\"required\"><\/textarea>\t\t\t\t<\/div>\n\t\t\t\t\t\t\t\t<div class=\"elementor-field-group elementor-column elementor-field-type-submit elementor-col-100 e-form__buttons\">\n\t\t\t\t\t<button class=\"elementor-button elementor-size-sm\" type=\"submit\">\n\t\t\t\t\t\t<span class=\"elementor-button-content-wrapper\">\n\t\t\t\t\t\t\t\t\t\t\t\t\t\t\t\t\t\t\t\t\t\t<span class=\"elementor-button-text\">Send<\/span>\n\t\t\t\t\t\t\t\t\t\t\t\t\t<\/span>\n\t\t\t\t\t<\/button>\n\t\t\t\t<\/div>\n\t\t\t<\/div>\n\t\t<\/form>\n\t\t\t\t\t\t<\/div>\n\t\t\t\t<\/div>\n\t\t\t\t\t<\/div>\n\t\t<\/div>\n\t\t\t\t\t<\/div>\n\t\t<\/section>\n\t\t\t\t\t<\/div>\n\t\t<\/div>\n\t\t\t\t<div class=\"elementor-column elementor-col-50 elementor-top-column elementor-element elementor-element-770df52\" data-id=\"770df52\" data-element_type=\"column\" data-e-type=\"column\">\n\t\t\t<div class=\"elementor-widget-wrap elementor-element-populated\">\n\t\t\t\t\t\t<div class=\"elementor-element elementor-element-c62254f elementor-widget elementor-widget-heading\" data-id=\"c62254f\" data-element_type=\"widget\" data-e-type=\"widget\" data-widget_type=\"heading.default\">\n\t\t\t\t<div class=\"elementor-widget-container\">\n\t\t\t\t\t<h1 class=\"elementor-heading-title elementor-size-default\">Mounting a valve outside the firewall<\/h1>\t\t\t\t<\/div>\n\t\t\t\t<\/div>\n\t\t\t\t<div class=\"elementor-element elementor-element-1cc983d elementor-widget-divider--view-line elementor-widget elementor-widget-divider\" data-id=\"1cc983d\" data-element_type=\"widget\" data-e-type=\"widget\" data-widget_type=\"divider.default\">\n\t\t\t\t<div class=\"elementor-widget-container\">\n\t\t\t\t\t\t\t<div class=\"elementor-divider\">\n\t\t\t<span class=\"elementor-divider-separator\">\n\t\t\t\t\t\t<\/span>\n\t\t<\/div>\n\t\t\t\t\t\t<\/div>\n\t\t\t\t<\/div>\n\t\t\t\t<div class=\"elementor-element elementor-element-e046bc6 justify elementor-widget elementor-widget-text-editor\" data-id=\"e046bc6\" data-element_type=\"widget\" data-e-type=\"widget\" data-widget_type=\"text-editor.default\">\n\t\t\t\t<div class=\"elementor-widget-container\">\n\t\t\t\t\t\t\t\t\t<p>In general, care is taken to install the fire dampers in a wall so that the fire damper blade is located in the thickness of the fire wall when in closed position<\/p><p>Practically, this solution is not always possible and we must therefore resolve to move the fire damper outside the firewall, which requires extending the firewall to the flap blade.<\/p><p>This is carried out by carrying out the fire protection extension, using the \u201cPROMAT\u201d panels on the basis of the fire test reports of metal ductwork. This is one of our specialties in 60- and 120-minute fire resistance.<\/p><p>Our team is at your disposal to carry out site visits on a case by case basis to give you a price adapted to each case.<\/p>\t\t\t\t\t\t\t\t<\/div>\n\t\t\t\t<\/div>\n\t\t\t\t<div class=\"elementor-element elementor-element-95ad545 elementor-widget elementor-widget-spacer\" data-id=\"95ad545\" data-element_type=\"widget\" data-e-type=\"widget\" data-widget_type=\"spacer.default\">\n\t\t\t\t<div class=\"elementor-widget-container\">\n\t\t\t\t\t\t\t<div class=\"elementor-spacer\">\n\t\t\t<div class=\"elementor-spacer-inner\"><\/div>\n\t\t<\/div>\n\t\t\t\t\t\t<\/div>\n\t\t\t\t<\/div>\n\t\t\t\t\t<\/div>\n\t\t<\/div>\n\t\t\t\t\t<\/div>\n\t\t<\/section>\n\t\t\t\t<\/div>\n\t\t","protected":false},"excerpt":{"rendered":"<p>Our services Any questions? Do not hesitate to contact Mounting a valve outside the firewall In general, care is taken to install the fire dampers in a wall so that the fire damper blade is located in the thickness of the fire wall when in closed position Practically, this solution is not always possible and [&hellip;]<\/p>\n","protected":false},"author":1,"featured_media":0,"parent":0,"menu_order":0,"comment_status":"closed","ping_status":"closed","template":"","meta":{"footnotes":""},"class_list":["post-373","page","type-page","status-publish","hentry"],"yoast_head":"<!-- This site is optimized with the Yoast SEO plugin v27.3 - https:\/\/yoast.com\/product\/yoast-seo-wordpress\/ -->\n<title>Fire resistor Dressing - REI-T<\/title>\n<meta name=\"description\" content=\"Internal wall fire damper. We offer this speciality with a fire resistance of 60 and 120 minutes. Customised prices.\" \/>\n<meta name=\"robots\" content=\"index, follow, max-snippet:-1, max-image-preview:large, max-video-preview:-1\" \/>\n<link rel=\"canonical\" href=\"https:\/\/www.rei-t.be\/en\/fire-resistor-dressing\/\" \/>\n<meta property=\"og:locale\" content=\"en_US\" \/>\n<meta property=\"og:type\" content=\"article\" \/>\n<meta property=\"og:title\" content=\"Fire resistor Dressing - REI-T\" \/>\n<meta property=\"og:description\" content=\"Internal wall fire damper. We offer this speciality with a fire resistance of 60 and 120 minutes. Customised prices.\" \/>\n<meta property=\"og:url\" content=\"https:\/\/www.rei-t.be\/en\/fire-resistor-dressing\/\" \/>\n<meta property=\"og:site_name\" content=\"REI-T\" \/>\n<meta property=\"article:modified_time\" content=\"2023-03-20T18:33:11+00:00\" \/>\n<meta name=\"twitter:card\" content=\"summary_large_image\" \/>\n<meta name=\"twitter:label1\" content=\"Est. reading time\" \/>\n\t<meta name=\"twitter:data1\" content=\"1 minute\" \/>\n<script type=\"application\/ld+json\" class=\"yoast-schema-graph\">{\"@context\":\"https:\\\/\\\/schema.org\",\"@graph\":[{\"@type\":\"WebPage\",\"@id\":\"https:\\\/\\\/www.rei-t.be\\\/en\\\/fire-resistor-dressing\\\/\",\"url\":\"https:\\\/\\\/www.rei-t.be\\\/en\\\/fire-resistor-dressing\\\/\",\"name\":\"Fire resistor Dressing - REI-T\",\"isPartOf\":{\"@id\":\"https:\\\/\\\/www.rei-t.be\\\/en\\\/#website\"},\"datePublished\":\"2022-12-05T16:44:17+00:00\",\"dateModified\":\"2023-03-20T18:33:11+00:00\",\"description\":\"Internal wall fire damper. We offer this speciality with a fire resistance of 60 and 120 minutes. Customised prices.\",\"breadcrumb\":{\"@id\":\"https:\\\/\\\/www.rei-t.be\\\/en\\\/fire-resistor-dressing\\\/#breadcrumb\"},\"inLanguage\":\"en-US\",\"potentialAction\":[{\"@type\":\"ReadAction\",\"target\":[\"https:\\\/\\\/www.rei-t.be\\\/en\\\/fire-resistor-dressing\\\/\"]}]},{\"@type\":\"BreadcrumbList\",\"@id\":\"https:\\\/\\\/www.rei-t.be\\\/en\\\/fire-resistor-dressing\\\/#breadcrumb\",\"itemListElement\":[{\"@type\":\"ListItem\",\"position\":1,\"name\":\"Accueil\",\"item\":\"https:\\\/\\\/www.rei-t.be\\\/en\\\/\"},{\"@type\":\"ListItem\",\"position\":2,\"name\":\"Fire resistor Dressing\"}]},{\"@type\":\"WebSite\",\"@id\":\"https:\\\/\\\/www.rei-t.be\\\/en\\\/#website\",\"url\":\"https:\\\/\\\/www.rei-t.be\\\/en\\\/\",\"name\":\"REI-T\",\"description\":\"R\u00e9sistance, Etanch\u00e9it\u00e9, Isolation, Technologies\",\"publisher\":{\"@id\":\"https:\\\/\\\/www.rei-t.be\\\/en\\\/#organization\"},\"potentialAction\":[{\"@type\":\"SearchAction\",\"target\":{\"@type\":\"EntryPoint\",\"urlTemplate\":\"https:\\\/\\\/www.rei-t.be\\\/en\\\/?s={search_term_string}\"},\"query-input\":{\"@type\":\"PropertyValueSpecification\",\"valueRequired\":true,\"valueName\":\"search_term_string\"}}],\"inLanguage\":\"en-US\"},{\"@type\":\"Organization\",\"@id\":\"https:\\\/\\\/www.rei-t.be\\\/en\\\/#organization\",\"name\":\"REI-T\",\"url\":\"https:\\\/\\\/www.rei-t.be\\\/en\\\/\",\"logo\":{\"@type\":\"ImageObject\",\"inLanguage\":\"en-US\",\"@id\":\"https:\\\/\\\/www.rei-t.be\\\/en\\\/#\\\/schema\\\/logo\\\/image\\\/\",\"url\":\"https:\\\/\\\/www.rei-t.be\\\/wp-content\\\/uploads\\\/2022\\\/09\\\/REIT-LogoRED-Q.svg\",\"contentUrl\":\"https:\\\/\\\/www.rei-t.be\\\/wp-content\\\/uploads\\\/2022\\\/09\\\/REIT-LogoRED-Q.svg\",\"width\":378,\"height\":144,\"caption\":\"REI-T\"},\"image\":{\"@id\":\"https:\\\/\\\/www.rei-t.be\\\/en\\\/#\\\/schema\\\/logo\\\/image\\\/\"}}]}<\/script>\n<!-- \/ Yoast SEO plugin. -->","yoast_head_json":{"title":"Fire resistor Dressing - REI-T","description":"Internal wall fire damper. We offer this speciality with a fire resistance of 60 and 120 minutes. Customised prices.","robots":{"index":"index","follow":"follow","max-snippet":"max-snippet:-1","max-image-preview":"max-image-preview:large","max-video-preview":"max-video-preview:-1"},"canonical":"https:\/\/www.rei-t.be\/en\/fire-resistor-dressing\/","og_locale":"en_US","og_type":"article","og_title":"Fire resistor Dressing - REI-T","og_description":"Internal wall fire damper. We offer this speciality with a fire resistance of 60 and 120 minutes. Customised prices.","og_url":"https:\/\/www.rei-t.be\/en\/fire-resistor-dressing\/","og_site_name":"REI-T","article_modified_time":"2023-03-20T18:33:11+00:00","twitter_card":"summary_large_image","twitter_misc":{"Est. reading time":"1 minute"},"schema":{"@context":"https:\/\/schema.org","@graph":[{"@type":"WebPage","@id":"https:\/\/www.rei-t.be\/en\/fire-resistor-dressing\/","url":"https:\/\/www.rei-t.be\/en\/fire-resistor-dressing\/","name":"Fire resistor Dressing - REI-T","isPartOf":{"@id":"https:\/\/www.rei-t.be\/en\/#website"},"datePublished":"2022-12-05T16:44:17+00:00","dateModified":"2023-03-20T18:33:11+00:00","description":"Internal wall fire damper. We offer this speciality with a fire resistance of 60 and 120 minutes. Customised prices.","breadcrumb":{"@id":"https:\/\/www.rei-t.be\/en\/fire-resistor-dressing\/#breadcrumb"},"inLanguage":"en-US","potentialAction":[{"@type":"ReadAction","target":["https:\/\/www.rei-t.be\/en\/fire-resistor-dressing\/"]}]},{"@type":"BreadcrumbList","@id":"https:\/\/www.rei-t.be\/en\/fire-resistor-dressing\/#breadcrumb","itemListElement":[{"@type":"ListItem","position":1,"name":"Accueil","item":"https:\/\/www.rei-t.be\/en\/"},{"@type":"ListItem","position":2,"name":"Fire resistor Dressing"}]},{"@type":"WebSite","@id":"https:\/\/www.rei-t.be\/en\/#website","url":"https:\/\/www.rei-t.be\/en\/","name":"REI-T","description":"R\u00e9sistance, Etanch\u00e9it\u00e9, Isolation, Technologies","publisher":{"@id":"https:\/\/www.rei-t.be\/en\/#organization"},"potentialAction":[{"@type":"SearchAction","target":{"@type":"EntryPoint","urlTemplate":"https:\/\/www.rei-t.be\/en\/?s={search_term_string}"},"query-input":{"@type":"PropertyValueSpecification","valueRequired":true,"valueName":"search_term_string"}}],"inLanguage":"en-US"},{"@type":"Organization","@id":"https:\/\/www.rei-t.be\/en\/#organization","name":"REI-T","url":"https:\/\/www.rei-t.be\/en\/","logo":{"@type":"ImageObject","inLanguage":"en-US","@id":"https:\/\/www.rei-t.be\/en\/#\/schema\/logo\/image\/","url":"https:\/\/www.rei-t.be\/wp-content\/uploads\/2022\/09\/REIT-LogoRED-Q.svg","contentUrl":"https:\/\/www.rei-t.be\/wp-content\/uploads\/2022\/09\/REIT-LogoRED-Q.svg","width":378,"height":144,"caption":"REI-T"},"image":{"@id":"https:\/\/www.rei-t.be\/en\/#\/schema\/logo\/image\/"}}]}},"_links":{"self":[{"href":"https:\/\/www.rei-t.be\/en\/wp-json\/wp\/v2\/pages\/373","targetHints":{"allow":["GET"]}}],"collection":[{"href":"https:\/\/www.rei-t.be\/en\/wp-json\/wp\/v2\/pages"}],"about":[{"href":"https:\/\/www.rei-t.be\/en\/wp-json\/wp\/v2\/types\/page"}],"author":[{"embeddable":true,"href":"https:\/\/www.rei-t.be\/en\/wp-json\/wp\/v2\/users\/1"}],"replies":[{"embeddable":true,"href":"https:\/\/www.rei-t.be\/en\/wp-json\/wp\/v2\/comments?post=373"}],"version-history":[{"count":19,"href":"https:\/\/www.rei-t.be\/en\/wp-json\/wp\/v2\/pages\/373\/revisions"}],"predecessor-version":[{"id":653,"href":"https:\/\/www.rei-t.be\/en\/wp-json\/wp\/v2\/pages\/373\/revisions\/653"}],"wp:attachment":[{"href":"https:\/\/www.rei-t.be\/en\/wp-json\/wp\/v2\/media?parent=373"}],"curies":[{"name":"wp","href":"https:\/\/api.w.org\/{rel}","templated":true}]}}